{"id":3461,"date":"2026-04-30T13:43:24","date_gmt":"2026-04-30T11:43:24","guid":{"rendered":"https:\/\/paulinefaucheux.com\/?post_type=product&#038;p=3461"},"modified":"2026-05-01T08:38:17","modified_gmt":"2026-05-01T06:38:17","slug":"raccoon-en-orbite","status":"publish","type":"product","link":"https:\/\/paulinefaucheux.com\/index.php\/produit\/raccoon-en-orbite\/","title":{"rendered":"Raccoon en orbite"},"content":{"rendered":"<p>Qui n\u2019a jamais r\u00eav\u00e9 de parcourir l\u2019espace ?<br data-start=\"540\" data-end=\"543\" \/>Ce raccoon l\u2019a d\u00e9j\u00e0 fait.<br data-start=\"570\" data-end=\"573\" \/>Une invitation \u00e0 viser toujours plus haut que les \u00e9toiles.<\/p>\n","protected":false},"excerpt":{"rendered":"<p>Qui n\u2019a jamais r\u00eav\u00e9 de parcourir l\u2019espace ?Ce raccoon l\u2019a d\u00e9j\u00e0 fait.Une invitation \u00e0 viser toujours plus haut que les \u00e9toiles.<\/p>\n","protected":false},"featured_media":3491,"comment_status":"closed","ping_status":"closed","template":"","meta":[],"product_brand":[],"product_cat":[57],"product_tag":[],"class_list":{"0":"post-3461","1":"product","2":"type-product","3":"status-publish","4":"has-post-thumbnail","6":"product_cat-collection-de-la-nuit","8":"first","9":"instock","10":"taxable","11":"shipping-taxable","12":"purchasable","13":"product-type-simple"},"_links":{"self":[{"href":"https:\/\/paulinefaucheux.com\/index.php\/wp-json\/wp\/v2\/product\/3461","targetHints":{"allow":["GET"]}}],"collection":[{"href":"https:\/\/paulinefaucheux.com\/index.php\/wp-json\/wp\/v2\/product"}],"about":[{"href":"https:\/\/paulinefaucheux.com\/index.php\/wp-json\/wp\/v2\/types\/product"}],"replies":[{"embeddable":true,"href":"https:\/\/paulinefaucheux.com\/index.php\/wp-json\/wp\/v2\/comments?post=3461"}],"version-history":[{"count":1,"href":"https:\/\/paulinefaucheux.com\/index.php\/wp-json\/wp\/v2\/product\/3461\/revisions"}],"predecessor-version":[{"id":3463,"href":"https:\/\/paulinefaucheux.com\/index.php\/wp-json\/wp\/v2\/product\/3461\/revisions\/3463"}],"wp:featuredmedia":[{"embeddable":true,"href":"https:\/\/paulinefaucheux.com\/index.php\/wp-json\/wp\/v2\/media\/3491"}],"wp:attachment":[{"href":"https:\/\/paulinefaucheux.com\/index.php\/wp-json\/wp\/v2\/media?parent=3461"}],"wp:term":[{"taxonomy":"product_brand","embeddable":true,"href":"https:\/\/paulinefaucheux.com\/index.php\/wp-json\/wp\/v2\/product_brand?post=3461"},{"taxonomy":"product_cat","embeddable":true,"href":"https:\/\/paulinefaucheux.com\/index.php\/wp-json\/wp\/v2\/product_cat?post=3461"},{"taxonomy":"product_tag","embeddable":true,"href":"https:\/\/paulinefaucheux.com\/index.php\/wp-json\/wp\/v2\/product_tag?post=3461"}],"curies":[{"name":"wp","href":"https:\/\/api.w.org\/{rel}","templated":true}]}}