{"id":3467,"date":"2026-04-30T14:01:00","date_gmt":"2026-04-30T12:01:00","guid":{"rendered":"https:\/\/paulinefaucheux.com\/?post_type=product&#038;p=3467"},"modified":"2026-04-30T15:40:56","modified_gmt":"2026-04-30T13:40:56","slug":"seul-au-monde-2","status":"publish","type":"product","link":"https:\/\/paulinefaucheux.com\/index.php\/produit\/seul-au-monde-2\/","title":{"rendered":"Seul au monde"},"content":{"rendered":"<p>Comme une envie de tout quitter et d&rsquo;\u00eatre seul au monde ? Comme je vous comprends. Cette illustration est une invitation \u00e0 s\u2019\u00e9chapper, le temps de retrouver le calme face au bouhaha du quotidien.<\/p>\n","protected":false},"excerpt":{"rendered":"<p>Une invitation \u00e0 s\u2019\u00e9chapper, le temps d\u2019un instant.<br data-start=\"1131\" data-end=\"1134\" \/>Cette illustration capture ce besoin universel de prendre de la distance et de retrouver le calme.<br data-start=\"1234\" data-end=\"1237\" \/>Parfaite pour apporter une touche de s\u00e9r\u00e9nit\u00e9 et d\u2019\u00e9vasion \u00e0 votre int\u00e9rieur.<\/p>\n","protected":false},"featured_media":3493,"comment_status":"closed","ping_status":"closed","template":"","meta":[],"product_brand":[],"product_cat":[57],"product_tag":[],"class_list":{"0":"post-3467","1":"product","2":"type-product","3":"status-publish","4":"has-post-thumbnail","6":"product_cat-collection-de-la-nuit","8":"first","9":"instock","10":"taxable","11":"shipping-taxable","12":"purchasable","13":"product-type-simple"},"_links":{"self":[{"href":"https:\/\/paulinefaucheux.com\/index.php\/wp-json\/wp\/v2\/product\/3467","targetHints":{"allow":["GET"]}}],"collection":[{"href":"https:\/\/paulinefaucheux.com\/index.php\/wp-json\/wp\/v2\/product"}],"about":[{"href":"https:\/\/paulinefaucheux.com\/index.php\/wp-json\/wp\/v2\/types\/product"}],"replies":[{"embeddable":true,"href":"https:\/\/paulinefaucheux.com\/index.php\/wp-json\/wp\/v2\/comments?post=3467"}],"version-history":[{"count":2,"href":"https:\/\/paulinefaucheux.com\/index.php\/wp-json\/wp\/v2\/product\/3467\/revisions"}],"predecessor-version":[{"id":3470,"href":"https:\/\/paulinefaucheux.com\/index.php\/wp-json\/wp\/v2\/product\/3467\/revisions\/3470"}],"wp:featuredmedia":[{"embeddable":true,"href":"https:\/\/paulinefaucheux.com\/index.php\/wp-json\/wp\/v2\/media\/3493"}],"wp:attachment":[{"href":"https:\/\/paulinefaucheux.com\/index.php\/wp-json\/wp\/v2\/media?parent=3467"}],"wp:term":[{"taxonomy":"product_brand","embeddable":true,"href":"https:\/\/paulinefaucheux.com\/index.php\/wp-json\/wp\/v2\/product_brand?post=3467"},{"taxonomy":"product_cat","embeddable":true,"href":"https:\/\/paulinefaucheux.com\/index.php\/wp-json\/wp\/v2\/product_cat?post=3467"},{"taxonomy":"product_tag","embeddable":true,"href":"https:\/\/paulinefaucheux.com\/index.php\/wp-json\/wp\/v2\/product_tag?post=3467"}],"curies":[{"name":"wp","href":"https:\/\/api.w.org\/{rel}","templated":true}]}}